{"id":203,"date":"2025-07-09T02:59:50","date_gmt":"2025-07-09T02:59:50","guid":{"rendered":"https:\/\/invesmer.com\/?page_id=203"},"modified":"2025-07-09T03:12:55","modified_gmt":"2025-07-09T03:12:55","slug":"mis-productos","status":"publish","type":"page","link":"https:\/\/invesmer.com\/index.php\/mis-productos\/","title":{"rendered":"Mis Productos"},"content":{"rendered":"\t\t<div data-elementor-type=\"wp-page\" data-elementor-id=\"203\" class=\"elementor elementor-203\" data-elementor-post-type=\"page\">\n\t\t\t\t<div class=\"elementor-element elementor-element-8a7e05d e-flex e-con-boxed e-con e-parent\" data-id=\"8a7e05d\" data-element_type=\"container\">\n\t\t\t\t\t<div class=\"e-con-inner\">\n\t\t<div class=\"elementor-element elementor-element-de63c1c e-con-full e-flex e-con e-child\" data-id=\"de63c1c\" data-element_type=\"container\">\n\t\t\t\t<div class=\"elementor-element elementor-element-22590f5 elementor-widget elementor-widget-image\" data-id=\"22590f5\" data-element_type=\"widget\" data-widget_type=\"image.default\">\n\t\t\t\t<div class=\"elementor-widget-container\">\n\t\t\t\t\t\t\t\t\t\t\t\t\t\t\t<img decoding=\"async\" src=\"https:\/\/invesmer.com\/wp-content\/uploads\/elementor\/thumbs\/WhatsApp-Image-2025-07-08-at-9.06.58-PM-r8hikjtpy56g3hsw3qqn1x5zw9r3fp2nziiv61tmgw.jpeg\" title=\"WhatsApp Image 2025-07-08 at 9.06.58 PM\" alt=\"WhatsApp Image 2025-07-08 at 9.06.58 PM\" loading=\"lazy\" \/>\t\t\t\t\t\t\t\t\t\t\t\t\t\t\t<\/div>\n\t\t\t\t<\/div>\n\t\t\t\t<\/div>\n\t\t<div class=\"elementor-element elementor-element-8521f1a e-con-full e-flex e-con e-child\" data-id=\"8521f1a\" data-element_type=\"container\">\n\t\t\t\t<div class=\"elementor-element elementor-element-3822f2a elementor-widget elementor-widget-heading\" data-id=\"3822f2a\" data-element_type=\"widget\" data-widget_type=\"heading.default\">\n\t\t\t\t<div class=\"elementor-widget-container\">\n\t\t\t\t\t<h2 class=\"elementor-heading-title elementor-size-default\">\u00bfC\u00f3mo hacer una investigaci\u00f3n de mercados?<\/h2>\t\t\t\t<\/div>\n\t\t\t\t<\/div>\n\t\t\t\t<div class=\"elementor-element elementor-element-4703793 elementor-widget elementor-widget-text-editor\" data-id=\"4703793\" data-element_type=\"widget\" data-widget_type=\"text-editor.default\">\n\t\t\t\t<div class=\"elementor-widget-container\">\n\t\t\t\t\t\t\t\t\t<p>\u00bfTus ventas est\u00e1n bajando y no sabes por qu\u00e9?\u00a0<\/p><p>\u00bfQuieres lanzar un nuevo producto pero no est\u00e1s seguro de si funcionar\u00e1?\u00a0<\/p><p>Esta gu\u00eda te ense\u00f1a paso a paso c\u00f3mo hacer una investigaci\u00f3n de mercados efectiva, usando m\u00e9todos cualitativos y cuantitativos, sin complicaciones t\u00e9cnicas. Ideal para emprendedores, marketers, consultores y estudiantes que quieren tomar decisiones con confianza, basadas en datos y no en suposiciones.<\/p>\t\t\t\t\t\t\t\t<\/div>\n\t\t\t\t<\/div>\n\t\t\t\t<div class=\"elementor-element elementor-element-83c4267 elementor-widget elementor-widget-button\" data-id=\"83c4267\" data-element_type=\"widget\" data-widget_type=\"button.default\">\n\t\t\t\t<div class=\"elementor-widget-container\">\n\t\t\t\t\t\t\t\t\t<div class=\"elementor-button-wrapper\">\n\t\t\t\t\t<a class=\"elementor-button elementor-button-link elementor-size-sm\" href=\"https:\/\/go.hotmart.com\/D100595995F?dp=1%20\">\n\t\t\t\t\t\t<span class=\"elementor-button-content-wrapper\">\n\t\t\t\t\t\t\t\t\t<span class=\"elementor-button-text\">Adquiere tu E-book<\/span>\n\t\t\t\t\t<\/span>\n\t\t\t\t\t<\/a>\n\t\t\t\t<\/div>\n\t\t\t\t\t\t\t\t<\/div>\n\t\t\t\t<\/div>\n\t\t\t\t<\/div>\n\t\t\t\t\t<\/div>\n\t\t\t\t<\/div>\n\t\t<div class=\"elementor-element elementor-element-fe40fce e-flex e-con-boxed e-con e-parent\" data-id=\"fe40fce\" data-element_type=\"container\">\n\t\t\t\t\t<div class=\"e-con-inner\">\n\t\t<div class=\"elementor-element elementor-element-3a80aa5 e-con-full e-flex e-con e-child\" data-id=\"3a80aa5\" data-element_type=\"container\">\n\t\t\t\t<div class=\"elementor-element elementor-element-792da20 elementor-widget elementor-widget-heading\" data-id=\"792da20\" data-element_type=\"widget\" data-widget_type=\"heading.default\">\n\t\t\t\t<div class=\"elementor-widget-container\">\n\t\t\t\t\t<h2 class=\"elementor-heading-title elementor-size-default\">De Cero a Siempre<\/h2>\t\t\t\t<\/div>\n\t\t\t\t<\/div>\n\t\t\t\t<div class=\"elementor-element elementor-element-8ae2d86 elementor-widget elementor-widget-text-editor\" data-id=\"8ae2d86\" data-element_type=\"widget\" data-widget_type=\"text-editor.default\">\n\t\t\t\t<div class=\"elementor-widget-container\">\n\t\t\t\t\t\t\t\t\t<p>\u201cDe Cero a Siempre\u201d representa la esencia misma del emprendimiento y la superaci\u00f3n personal: comenzar desde abajo, con lo m\u00ednimo o incluso sin nada, pero con la determinaci\u00f3n de construir algo duradero, aut\u00e9ntico y transformador.<\/p>\t\t\t\t\t\t\t\t<\/div>\n\t\t\t\t<\/div>\n\t\t\t\t<div class=\"elementor-element elementor-element-872f42e elementor-widget elementor-widget-button\" data-id=\"872f42e\" data-element_type=\"widget\" data-widget_type=\"button.default\">\n\t\t\t\t<div class=\"elementor-widget-container\">\n\t\t\t\t\t\t\t\t\t<div class=\"elementor-button-wrapper\">\n\t\t\t\t\t<a class=\"elementor-button elementor-button-link elementor-size-sm\" href=\"https:\/\/go.hotmart.com\/D100595995F?dp=1%20\">\n\t\t\t\t\t\t<span class=\"elementor-button-content-wrapper\">\n\t\t\t\t\t\t\t\t\t<span class=\"elementor-button-text\">Escucha aqu\u00ed<\/span>\n\t\t\t\t\t<\/span>\n\t\t\t\t\t<\/a>\n\t\t\t\t<\/div>\n\t\t\t\t\t\t\t\t<\/div>\n\t\t\t\t<\/div>\n\t\t\t\t<\/div>\n\t\t<div class=\"elementor-element elementor-element-ead5ccf e-con-full e-flex e-con e-child\" data-id=\"ead5ccf\" data-element_type=\"container\">\n\t\t\t\t<div class=\"elementor-element elementor-element-e5ea8a5 elementor-widget elementor-widget-image\" data-id=\"e5ea8a5\" data-element_type=\"widget\" data-widget_type=\"image.default\">\n\t\t\t\t<div class=\"elementor-widget-container\">\n\t\t\t\t\t\t\t\t\t\t\t\t\t\t\t<img fetchpriority=\"high\" decoding=\"async\" width=\"800\" height=\"1001\" src=\"https:\/\/invesmer.com\/wp-content\/uploads\/2025\/07\/WhatsApp-Image-2025-07-08-at-9.03.27-PM-818x1024.jpeg\" class=\"attachment-large size-large wp-image-212\" alt=\"\" srcset=\"https:\/\/invesmer.com\/wp-content\/uploads\/2025\/07\/WhatsApp-Image-2025-07-08-at-9.03.27-PM-818x1024.jpeg 818w, https:\/\/invesmer.com\/wp-content\/uploads\/2025\/07\/WhatsApp-Image-2025-07-08-at-9.03.27-PM-240x300.jpeg 240w, https:\/\/invesmer.com\/wp-content\/uploads\/2025\/07\/WhatsApp-Image-2025-07-08-at-9.03.27-PM-768x962.jpeg 768w, https:\/\/invesmer.com\/wp-content\/uploads\/2025\/07\/WhatsApp-Image-2025-07-08-at-9.03.27-PM-1227x1536.jpeg 1227w, https:\/\/invesmer.com\/wp-content\/uploads\/2025\/07\/WhatsApp-Image-2025-07-08-at-9.03.27-PM.jpeg 1278w\" sizes=\"(max-width: 800px) 100vw, 800px\" \/>\t\t\t\t\t\t\t\t\t\t\t\t\t\t\t<\/div>\n\t\t\t\t<\/div>\n\t\t\t\t<\/div>\n\t\t\t\t\t<\/div>\n\t\t\t\t<\/div>\n\t\t\t\t<\/div>\n\t\t","protected":false},"excerpt":{"rendered":"<p>\u00bfC\u00f3mo hacer una investigaci\u00f3n de mercados? \u00bfTus ventas est\u00e1n bajando y no sabes por qu\u00e9?\u00a0 \u00bfQuieres lanzar un nuevo producto pero no est\u00e1s seguro de si funcionar\u00e1?\u00a0 Esta gu\u00eda te ense\u00f1a paso a paso c\u00f3mo hacer una investigaci\u00f3n de mercados efectiva, usando m\u00e9todos cualitativos y cuantitativos, sin complicaciones t\u00e9cnicas. Ideal para emprendedores, marketers, consultores y [&hellip;]<\/p>\n","protected":false},"author":1,"featured_media":0,"parent":0,"menu_order":0,"comment_status":"closed","ping_status":"closed","template":"","meta":{"footnotes":""},"class_list":["post-203","page","type-page","status-publish","hentry"],"_links":{"self":[{"href":"https:\/\/invesmer.com\/index.php\/wp-json\/wp\/v2\/pages\/203","targetHints":{"allow":["GET"]}}],"collection":[{"href":"https:\/\/invesmer.com\/index.php\/wp-json\/wp\/v2\/pages"}],"about":[{"href":"https:\/\/invesmer.com\/index.php\/wp-json\/wp\/v2\/types\/page"}],"author":[{"embeddable":true,"href":"https:\/\/invesmer.com\/index.php\/wp-json\/wp\/v2\/users\/1"}],"replies":[{"embeddable":true,"href":"https:\/\/invesmer.com\/index.php\/wp-json\/wp\/v2\/comments?post=203"}],"version-history":[{"count":10,"href":"https:\/\/invesmer.com\/index.php\/wp-json\/wp\/v2\/pages\/203\/revisions"}],"predecessor-version":[{"id":218,"href":"https:\/\/invesmer.com\/index.php\/wp-json\/wp\/v2\/pages\/203\/revisions\/218"}],"wp:attachment":[{"href":"https:\/\/invesmer.com\/index.php\/wp-json\/wp\/v2\/media?parent=203"}],"curies":[{"name":"wp","href":"https:\/\/api.w.org\/{rel}","templated":true}]}}